{"id":88,"date":"2017-07-17T13:39:36","date_gmt":"2017-07-17T11:39:36","guid":{"rendered":"http:\/\/projekty-graficzne.home.pl\/maczfit-blog\/?page_id=88"},"modified":"2024-09-16T13:18:29","modified_gmt":"2024-09-16T11:18:29","slug":"nasi-eksperci","status":"publish","type":"page","link":"https:\/\/www.maczfit.pl\/blog\/nasi-eksperci\/","title":{"rendered":"Eksperci"},"content":{"rendered":"","protected":false},"excerpt":{"rendered":"","protected":false},"author":33,"featured_media":0,"parent":0,"menu_order":0,"comment_status":"closed","ping_status":"closed","template":"experts.php","meta":{"_acf_changed":false,"footnotes":""},"better_featured_image":null,"acf":[],"yoast_head":"<!-- This site is optimized with the Yoast SEO plugin v22.6 - https:\/\/yoast.com\/wordpress\/plugins\/seo\/ -->\n<title>Profesjonalny zesp\u00f3\u0142 | Eksperci Maczfit<\/title>\n<meta name=\"description\" content=\"Poznaj ekspert\u00f3w Maczfit, kt\u00f3rzy ka\u017cdego dnia wykorzystuj\u0105 swoj\u0105 wiedz\u0119 by dostarcza\u0107 Ci jak najlepszy produkt!\" \/>\n<meta name=\"robots\" content=\"index, follow, max-snippet:-1, max-image-preview:large, max-video-preview:-1\" \/>\n<meta property=\"og:locale\" content=\"pl_PL\" \/>\n<meta property=\"og:type\" content=\"article\" \/>\n<meta property=\"og:title\" content=\"Profesjonalny zesp\u00f3\u0142 | Eksperci Maczfit\" \/>\n<meta property=\"og:description\" content=\"Poznaj ekspert\u00f3w Maczfit, kt\u00f3rzy ka\u017cdego dnia wykorzystuj\u0105 swoj\u0105 wiedz\u0119 by dostarcza\u0107 Ci jak najlepszy produkt!\" \/>\n<meta property=\"og:url\" content=\"https:\/\/www.maczfit.pl\/blog\/nasi-eksperci\/\" \/>\n<meta property=\"og:site_name\" content=\"Blog dietetyczny - porady o diecie i odchudzaniu\" \/>\n<meta property=\"article:publisher\" content=\"https:\/\/www.facebook.com\/maczfit\" \/>\n<meta property=\"article:modified_time\" content=\"2024-09-16T11:18:29+00:00\" \/>\n<meta name=\"twitter:card\" content=\"summary_large_image\" \/>\n<script type=\"application\/ld+json\" class=\"yoast-schema-graph\">{\"@context\":\"https:\/\/schema.org\",\"@graph\":[{\"@type\":\"WebPage\",\"@id\":\"https:\/\/www.maczfit.pl\/blog\/nasi-eksperci\/\",\"url\":\"https:\/\/www.maczfit.pl\/blog\/nasi-eksperci\/\",\"name\":\"Profesjonalny zesp\u00f3\u0142 | Eksperci Maczfit\",\"isPartOf\":{\"@id\":\"https:\/\/www.maczfit.pl\/blog\/#website\"},\"datePublished\":\"2017-07-17T11:39:36+00:00\",\"dateModified\":\"2024-09-16T11:18:29+00:00\",\"description\":\"Poznaj ekspert\u00f3w Maczfit, kt\u00f3rzy ka\u017cdego dnia wykorzystuj\u0105 swoj\u0105 wiedz\u0119 by dostarcza\u0107 Ci jak najlepszy produkt!\",\"breadcrumb\":{\"@id\":\"https:\/\/www.maczfit.pl\/blog\/nasi-eksperci\/#breadcrumb\"},\"inLanguage\":\"pl-PL\",\"potentialAction\":[{\"@type\":\"ReadAction\",\"target\":[\"https:\/\/www.maczfit.pl\/blog\/nasi-eksperci\/\"]}]},{\"@type\":\"BreadcrumbList\",\"@id\":\"https:\/\/www.maczfit.pl\/blog\/nasi-eksperci\/#breadcrumb\",\"itemListElement\":[{\"@type\":\"ListItem\",\"position\":1,\"name\":\"Blog\",\"item\":\"https:\/\/www.maczfit.pl\/blog\/\"},{\"@type\":\"ListItem\",\"position\":2,\"name\":\"Eksperci\"}]},{\"@type\":\"WebSite\",\"@id\":\"https:\/\/www.maczfit.pl\/blog\/#website\",\"url\":\"https:\/\/www.maczfit.pl\/blog\/\",\"name\":\"Blog dietetyczny - porady o diecie i odchudzaniu\",\"description\":\"Maczfit blog\",\"publisher\":{\"@id\":\"https:\/\/www.maczfit.pl\/blog\/#organization\"},\"potentialAction\":[{\"@type\":\"SearchAction\",\"target\":{\"@type\":\"EntryPoint\",\"urlTemplate\":\"https:\/\/www.maczfit.pl\/blog\/?s={search_term_string}\"},\"query-input\":\"required name=search_term_string\"}],\"inLanguage\":\"pl-PL\"},{\"@type\":\"Organization\",\"@id\":\"https:\/\/www.maczfit.pl\/blog\/#organization\",\"name\":\"Maczfit\",\"alternateName\":\"Catering dietetyczny Maczfit\",\"url\":\"https:\/\/www.maczfit.pl\/blog\/\",\"logo\":{\"@type\":\"ImageObject\",\"inLanguage\":\"pl-PL\",\"@id\":\"https:\/\/www.maczfit.pl\/blog\/#\/schema\/logo\/image\/\",\"url\":\"https:\/\/www.maczfit.pl\/blog\/wp-content\/uploads\/2024\/06\/maczfit-logo.png\",\"contentUrl\":\"https:\/\/www.maczfit.pl\/blog\/wp-content\/uploads\/2024\/06\/maczfit-logo.png\",\"width\":696,\"height\":696,\"caption\":\"Maczfit\"},\"image\":{\"@id\":\"https:\/\/www.maczfit.pl\/blog\/#\/schema\/logo\/image\/\"},\"sameAs\":[\"https:\/\/www.facebook.com\/maczfit\",\"https:\/\/www.instagram.com\/maczfit\"]}]}<\/script>\n<!-- \/ Yoast SEO plugin. -->","yoast_head_json":{"title":"Profesjonalny zesp\u00f3\u0142 | Eksperci Maczfit","description":"Poznaj ekspert\u00f3w Maczfit, kt\u00f3rzy ka\u017cdego dnia wykorzystuj\u0105 swoj\u0105 wiedz\u0119 by dostarcza\u0107 Ci jak najlepszy produkt!","robots":{"index":"index","follow":"follow","max-snippet":"max-snippet:-1","max-image-preview":"max-image-preview:large","max-video-preview":"max-video-preview:-1"},"og_locale":"pl_PL","og_type":"article","og_title":"Profesjonalny zesp\u00f3\u0142 | Eksperci Maczfit","og_description":"Poznaj ekspert\u00f3w Maczfit, kt\u00f3rzy ka\u017cdego dnia wykorzystuj\u0105 swoj\u0105 wiedz\u0119 by dostarcza\u0107 Ci jak najlepszy produkt!","og_url":"https:\/\/www.maczfit.pl\/blog\/nasi-eksperci\/","og_site_name":"Blog dietetyczny - porady o diecie i odchudzaniu","article_publisher":"https:\/\/www.facebook.com\/maczfit","article_modified_time":"2024-09-16T11:18:29+00:00","twitter_card":"summary_large_image","schema":{"@context":"https:\/\/schema.org","@graph":[{"@type":"WebPage","@id":"https:\/\/www.maczfit.pl\/blog\/nasi-eksperci\/","url":"https:\/\/www.maczfit.pl\/blog\/nasi-eksperci\/","name":"Profesjonalny zesp\u00f3\u0142 | Eksperci Maczfit","isPartOf":{"@id":"https:\/\/www.maczfit.pl\/blog\/#website"},"datePublished":"2017-07-17T11:39:36+00:00","dateModified":"2024-09-16T11:18:29+00:00","description":"Poznaj ekspert\u00f3w Maczfit, kt\u00f3rzy ka\u017cdego dnia wykorzystuj\u0105 swoj\u0105 wiedz\u0119 by dostarcza\u0107 Ci jak najlepszy produkt!","breadcrumb":{"@id":"https:\/\/www.maczfit.pl\/blog\/nasi-eksperci\/#breadcrumb"},"inLanguage":"pl-PL","potentialAction":[{"@type":"ReadAction","target":["https:\/\/www.maczfit.pl\/blog\/nasi-eksperci\/"]}]},{"@type":"BreadcrumbList","@id":"https:\/\/www.maczfit.pl\/blog\/nasi-eksperci\/#breadcrumb","itemListElement":[{"@type":"ListItem","position":1,"name":"Blog","item":"https:\/\/www.maczfit.pl\/blog\/"},{"@type":"ListItem","position":2,"name":"Eksperci"}]},{"@type":"WebSite","@id":"https:\/\/www.maczfit.pl\/blog\/#website","url":"https:\/\/www.maczfit.pl\/blog\/","name":"Blog dietetyczny - porady o diecie i odchudzaniu","description":"Maczfit blog","publisher":{"@id":"https:\/\/www.maczfit.pl\/blog\/#organization"},"potentialAction":[{"@type":"SearchAction","target":{"@type":"EntryPoint","urlTemplate":"https:\/\/www.maczfit.pl\/blog\/?s={search_term_string}"},"query-input":"required name=search_term_string"}],"inLanguage":"pl-PL"},{"@type":"Organization","@id":"https:\/\/www.maczfit.pl\/blog\/#organization","name":"Maczfit","alternateName":"Catering dietetyczny Maczfit","url":"https:\/\/www.maczfit.pl\/blog\/","logo":{"@type":"ImageObject","inLanguage":"pl-PL","@id":"https:\/\/www.maczfit.pl\/blog\/#\/schema\/logo\/image\/","url":"https:\/\/www.maczfit.pl\/blog\/wp-content\/uploads\/2024\/06\/maczfit-logo.png","contentUrl":"https:\/\/www.maczfit.pl\/blog\/wp-content\/uploads\/2024\/06\/maczfit-logo.png","width":696,"height":696,"caption":"Maczfit"},"image":{"@id":"https:\/\/www.maczfit.pl\/blog\/#\/schema\/logo\/image\/"},"sameAs":["https:\/\/www.facebook.com\/maczfit","https:\/\/www.instagram.com\/maczfit"]}]}},"_links":{"self":[{"href":"https:\/\/www.maczfit.pl\/blog\/wp-json\/wp\/v2\/pages\/88"}],"collection":[{"href":"https:\/\/www.maczfit.pl\/blog\/wp-json\/wp\/v2\/pages"}],"about":[{"href":"https:\/\/www.maczfit.pl\/blog\/wp-json\/wp\/v2\/types\/page"}],"author":[{"embeddable":true,"href":"https:\/\/www.maczfit.pl\/blog\/wp-json\/wp\/v2\/users\/33"}],"replies":[{"embeddable":true,"href":"https:\/\/www.maczfit.pl\/blog\/wp-json\/wp\/v2\/comments?post=88"}],"version-history":[{"count":7,"href":"https:\/\/www.maczfit.pl\/blog\/wp-json\/wp\/v2\/pages\/88\/revisions"}],"predecessor-version":[{"id":1561,"href":"https:\/\/www.maczfit.pl\/blog\/wp-json\/wp\/v2\/pages\/88\/revisions\/1561"}],"wp:attachment":[{"href":"https:\/\/www.maczfit.pl\/blog\/wp-json\/wp\/v2\/media?parent=88"}],"curies":[{"name":"wp","href":"https:\/\/api.w.org\/{rel}","templated":true}]}}