{"id":1436,"date":"2020-11-11T14:36:44","date_gmt":"2020-11-11T13:36:44","guid":{"rendered":"https:\/\/www.maczfit.pl\/blog\/?page_id=1436"},"modified":"2026-02-16T11:07:04","modified_gmt":"2026-02-16T10:07:04","slug":"strona-glowna","status":"publish","type":"page","link":"https:\/\/www.maczfit.pl\/blog\/","title":{"rendered":"Strona G\u0142\u00f3wna"},"content":{"rendered":"","protected":false},"excerpt":{"rendered":"","protected":false},"author":21,"featured_media":0,"parent":0,"menu_order":0,"comment_status":"closed","ping_status":"closed","template":"front-page.php","meta":{"_acf_changed":false,"footnotes":""},"better_featured_image":null,"acf":{"tekst_1":"Wybieraj z 10 posi\u0142k\u00f3w dziennie","zdjecie_1":"https:\/\/www.maczfit.pl\/blog\/wp-content\/uploads\/2025\/09\/plate_smartstart.webp","tlo_1":"#fff9f2","button_tekst_1":"Kup teraz","button_link_1":"https:\/\/www.maczfit.pl\/dieta-z-wyborem-menu","tekst_2":"Wybieraj nawet spo\u015br\u00f3d 45 da\u0144","zdjecie_2":"https:\/\/www.maczfit.pl\/blog\/wp-content\/uploads\/2024\/06\/wybor-menu.png","tlo_2":"#fff9f2","button_tekst_2":"Kup teraz","button_link_2":"https:\/\/www.maczfit.pl\/teraz-wybierasz\/","tekst_3":"Po\u0142\u0105cz diet\u0119 keto z postem przerywanym","zdjecie_3":"https:\/\/www.maczfit.pl\/blog\/wp-content\/uploads\/2024\/06\/keto-if.png","tlo_3":"#fff9f2","button_tekst_3":"Kup teraz","button_link_3":"https:\/\/www.maczfit.pl\/sklep\/opcje\/KETO","cytat_1":"Blisko po\u0142owa Polak\u00f3w (44%) stara si\u0119 od\u017cywia\u0107 \u201esezonowo\u201d, czyli na co dzie\u0144 wybiera produkty i dania z najbardziej dost\u0119pnych w danym czasie sk\u0142adnik\u00f3w.","podpis_1":"Gastrowiedza.pl","cytat_2":"Ponad 3 mln Polak\u00f3w to wegetarianie lub weganie. Co trzeci z nas ch\u0119tnie spr\u00f3buje ro\u015blinnych zamiennik\u00f3w mi\u0119sa, a 68% jedz\u0105c poza domem lub zamawiaj\u0105c online wybiera dania bezmi\u0119sne.","podpis_2":"Roslinniejemy.org","cytat_3":"Oko\u0142o 60% ludzi cierpi na nietolerancj\u0119 laktozy. W Polsce zaburzenia pokarmowe po spo\u017cyciu mleka wyst\u0119puj\u0105 u 30% spo\u0142ecze\u0144stwa.","podpis_3":"Wprost.pl","first_-_header":"Tego jeszcze nie by\u0142o!","first_-_text":"Wygraj Fiata 500 i inne wyj\u0105tkowe nagrody!","first_-_image":"https:\/\/www.maczfit.pl\/blog\/wp-content\/uploads\/2020\/11\/Group-9@2x.png","first_-_link":"https:\/\/www.maczfit.pl\/akcja-specjalna","first_-_button_text":"We\u017a udzia\u0142 w Akcji!","onoff":true,"video_1":false,"video_2":false,"video_3":false,"tekst_4":"Wybieraj z 10 posi\u0142k\u00f3w dziennie","video_4":false,"zdjecie_4":"https:\/\/www.maczfit.pl\/blog\/wp-content\/uploads\/2025\/09\/plate_smartstart.webp","tlo_4":"#fff9f2","button_tekst_4":"Zobacz","button_link_4":"https:\/\/www.maczfit.pl\/dieta-z-wyborem-menu","tekst_5":"Idealna na nietolerancje pokarmowe","video_5":false,"zdjecie_5":"https:\/\/www.maczfit.pl\/blog\/wp-content\/uploads\/2024\/06\/gluten.png","tlo_5":"#fff9f2","button_tekst_5":"Kup teraz","button_link_5":"https:\/\/www.maczfit.pl\/sklep\/opcje\/NO-LACTOSE-&-LOW-GLUTEN","naglowek_1":"Smart Start","naglowek_2":"Wyb\u00f3r Menu - sam skomponuj swoj\u0105 diet\u0119!","naglowek_3":"Zam\u00f3w diet\u0119 Keto IF","naglowek_4":"Smart Start","naglowek_5":"Sprawd\u017a diet\u0119 No Lactose & Low Gluten"},"yoast_head":"<!-- This site is optimized with the Yoast SEO plugin v22.6 - https:\/\/yoast.com\/wordpress\/plugins\/seo\/ -->\n<title>Jak zdrowo \u017cy\u0107? Porady dietetyczne | Blog Maczfit<\/title>\n<meta name=\"description\" content=\"Szukasz inspiracji dotycz\u0105cych zdrowego stylu \u017cycia? \ud83e\udd57 Zajrzyj na bloga Maczfit i skorzystaj z porad ekspert\u00f3w na temat diety i odchudzania.\" \/>\n<meta name=\"robots\" content=\"index, follow, max-snippet:-1, max-image-preview:large, max-video-preview:-1\" \/>\n<meta property=\"og:locale\" content=\"pl_PL\" \/>\n<meta property=\"og:type\" content=\"article\" \/>\n<meta property=\"og:title\" content=\"Jak zdrowo \u017cy\u0107? Porady dietetyczne | Blog Maczfit\" \/>\n<meta property=\"og:description\" content=\"Szukasz inspiracji dotycz\u0105cych zdrowego stylu \u017cycia? \ud83e\udd57 Zajrzyj na bloga Maczfit i skorzystaj z porad ekspert\u00f3w na temat diety i odchudzania.\" \/>\n<meta property=\"og:url\" content=\"https:\/\/www.maczfit.pl\/blog\/\" \/>\n<meta property=\"og:site_name\" content=\"Blog dietetyczny - porady o diecie i odchudzaniu\" \/>\n<meta property=\"article:publisher\" content=\"https:\/\/www.facebook.com\/maczfit\" \/>\n<meta property=\"article:modified_time\" content=\"2026-02-16T10:07:04+00:00\" \/>\n<meta name=\"twitter:card\" content=\"summary_large_image\" \/>\n<script type=\"application\/ld+json\" class=\"yoast-schema-graph\">{\"@context\":\"https:\/\/schema.org\",\"@graph\":[{\"@type\":\"WebPage\",\"@id\":\"https:\/\/www.maczfit.pl\/blog\/\",\"url\":\"https:\/\/www.maczfit.pl\/blog\/\",\"name\":\"Jak zdrowo \u017cy\u0107? Porady dietetyczne | Blog Maczfit\",\"isPartOf\":{\"@id\":\"https:\/\/www.maczfit.pl\/blog\/#website\"},\"datePublished\":\"2020-11-11T13:36:44+00:00\",\"dateModified\":\"2026-02-16T10:07:04+00:00\",\"description\":\"Szukasz inspiracji dotycz\u0105cych zdrowego stylu \u017cycia? \ud83e\udd57 Zajrzyj na bloga Maczfit i skorzystaj z porad ekspert\u00f3w na temat diety i odchudzania.\",\"breadcrumb\":{\"@id\":\"https:\/\/www.maczfit.pl\/blog\/#breadcrumb\"},\"inLanguage\":\"pl-PL\",\"potentialAction\":[{\"@type\":\"ReadAction\",\"target\":[\"https:\/\/www.maczfit.pl\/blog\/\"]}]},{\"@type\":\"BreadcrumbList\",\"@id\":\"https:\/\/www.maczfit.pl\/blog\/#breadcrumb\",\"itemListElement\":[{\"@type\":\"ListItem\",\"position\":1,\"name\":\"Blog\",\"item\":\"https:\/\/www.maczfit.pl\/blog\/\"},{\"@type\":\"ListItem\",\"position\":2,\"name\":\"Strona G\u0142\u00f3wna\"}]},{\"@type\":\"WebSite\",\"@id\":\"https:\/\/www.maczfit.pl\/blog\/#website\",\"url\":\"https:\/\/www.maczfit.pl\/blog\/\",\"name\":\"Blog dietetyczny - porady o diecie i odchudzaniu\",\"description\":\"Maczfit blog\",\"publisher\":{\"@id\":\"https:\/\/www.maczfit.pl\/blog\/#organization\"},\"potentialAction\":[{\"@type\":\"SearchAction\",\"target\":{\"@type\":\"EntryPoint\",\"urlTemplate\":\"https:\/\/www.maczfit.pl\/blog\/?s={search_term_string}\"},\"query-input\":\"required name=search_term_string\"}],\"inLanguage\":\"pl-PL\"},{\"@type\":\"Organization\",\"@id\":\"https:\/\/www.maczfit.pl\/blog\/#organization\",\"name\":\"Maczfit\",\"alternateName\":\"Catering dietetyczny Maczfit\",\"url\":\"https:\/\/www.maczfit.pl\/blog\/\",\"logo\":{\"@type\":\"ImageObject\",\"inLanguage\":\"pl-PL\",\"@id\":\"https:\/\/www.maczfit.pl\/blog\/#\/schema\/logo\/image\/\",\"url\":\"https:\/\/www.maczfit.pl\/blog\/wp-content\/uploads\/2024\/06\/maczfit-logo.png\",\"contentUrl\":\"https:\/\/www.maczfit.pl\/blog\/wp-content\/uploads\/2024\/06\/maczfit-logo.png\",\"width\":696,\"height\":696,\"caption\":\"Maczfit\"},\"image\":{\"@id\":\"https:\/\/www.maczfit.pl\/blog\/#\/schema\/logo\/image\/\"},\"sameAs\":[\"https:\/\/www.facebook.com\/maczfit\",\"https:\/\/www.instagram.com\/maczfit\"]}]}<\/script>\n<!-- \/ Yoast SEO plugin. -->","yoast_head_json":{"title":"Jak zdrowo \u017cy\u0107? Porady dietetyczne | Blog Maczfit","description":"Szukasz inspiracji dotycz\u0105cych zdrowego stylu \u017cycia? \ud83e\udd57 Zajrzyj na bloga Maczfit i skorzystaj z porad ekspert\u00f3w na temat diety i odchudzania.","robots":{"index":"index","follow":"follow","max-snippet":"max-snippet:-1","max-image-preview":"max-image-preview:large","max-video-preview":"max-video-preview:-1"},"og_locale":"pl_PL","og_type":"article","og_title":"Jak zdrowo \u017cy\u0107? Porady dietetyczne | Blog Maczfit","og_description":"Szukasz inspiracji dotycz\u0105cych zdrowego stylu \u017cycia? \ud83e\udd57 Zajrzyj na bloga Maczfit i skorzystaj z porad ekspert\u00f3w na temat diety i odchudzania.","og_url":"https:\/\/www.maczfit.pl\/blog\/","og_site_name":"Blog dietetyczny - porady o diecie i odchudzaniu","article_publisher":"https:\/\/www.facebook.com\/maczfit","article_modified_time":"2026-02-16T10:07:04+00:00","twitter_card":"summary_large_image","schema":{"@context":"https:\/\/schema.org","@graph":[{"@type":"WebPage","@id":"https:\/\/www.maczfit.pl\/blog\/","url":"https:\/\/www.maczfit.pl\/blog\/","name":"Jak zdrowo \u017cy\u0107? Porady dietetyczne | Blog Maczfit","isPartOf":{"@id":"https:\/\/www.maczfit.pl\/blog\/#website"},"datePublished":"2020-11-11T13:36:44+00:00","dateModified":"2026-02-16T10:07:04+00:00","description":"Szukasz inspiracji dotycz\u0105cych zdrowego stylu \u017cycia? \ud83e\udd57 Zajrzyj na bloga Maczfit i skorzystaj z porad ekspert\u00f3w na temat diety i odchudzania.","breadcrumb":{"@id":"https:\/\/www.maczfit.pl\/blog\/#breadcrumb"},"inLanguage":"pl-PL","potentialAction":[{"@type":"ReadAction","target":["https:\/\/www.maczfit.pl\/blog\/"]}]},{"@type":"BreadcrumbList","@id":"https:\/\/www.maczfit.pl\/blog\/#breadcrumb","itemListElement":[{"@type":"ListItem","position":1,"name":"Blog","item":"https:\/\/www.maczfit.pl\/blog\/"},{"@type":"ListItem","position":2,"name":"Strona G\u0142\u00f3wna"}]},{"@type":"WebSite","@id":"https:\/\/www.maczfit.pl\/blog\/#website","url":"https:\/\/www.maczfit.pl\/blog\/","name":"Blog dietetyczny - porady o diecie i odchudzaniu","description":"Maczfit blog","publisher":{"@id":"https:\/\/www.maczfit.pl\/blog\/#organization"},"potentialAction":[{"@type":"SearchAction","target":{"@type":"EntryPoint","urlTemplate":"https:\/\/www.maczfit.pl\/blog\/?s={search_term_string}"},"query-input":"required name=search_term_string"}],"inLanguage":"pl-PL"},{"@type":"Organization","@id":"https:\/\/www.maczfit.pl\/blog\/#organization","name":"Maczfit","alternateName":"Catering dietetyczny Maczfit","url":"https:\/\/www.maczfit.pl\/blog\/","logo":{"@type":"ImageObject","inLanguage":"pl-PL","@id":"https:\/\/www.maczfit.pl\/blog\/#\/schema\/logo\/image\/","url":"https:\/\/www.maczfit.pl\/blog\/wp-content\/uploads\/2024\/06\/maczfit-logo.png","contentUrl":"https:\/\/www.maczfit.pl\/blog\/wp-content\/uploads\/2024\/06\/maczfit-logo.png","width":696,"height":696,"caption":"Maczfit"},"image":{"@id":"https:\/\/www.maczfit.pl\/blog\/#\/schema\/logo\/image\/"},"sameAs":["https:\/\/www.facebook.com\/maczfit","https:\/\/www.instagram.com\/maczfit"]}]}},"_links":{"self":[{"href":"https:\/\/www.maczfit.pl\/blog\/wp-json\/wp\/v2\/pages\/1436"}],"collection":[{"href":"https:\/\/www.maczfit.pl\/blog\/wp-json\/wp\/v2\/pages"}],"about":[{"href":"https:\/\/www.maczfit.pl\/blog\/wp-json\/wp\/v2\/types\/page"}],"author":[{"embeddable":true,"href":"https:\/\/www.maczfit.pl\/blog\/wp-json\/wp\/v2\/users\/21"}],"replies":[{"embeddable":true,"href":"https:\/\/www.maczfit.pl\/blog\/wp-json\/wp\/v2\/comments?post=1436"}],"version-history":[{"count":42,"href":"https:\/\/www.maczfit.pl\/blog\/wp-json\/wp\/v2\/pages\/1436\/revisions"}],"predecessor-version":[{"id":6793,"href":"https:\/\/www.maczfit.pl\/blog\/wp-json\/wp\/v2\/pages\/1436\/revisions\/6793"}],"wp:attachment":[{"href":"https:\/\/www.maczfit.pl\/blog\/wp-json\/wp\/v2\/media?parent=1436"}],"curies":[{"name":"wp","href":"https:\/\/api.w.org\/{rel}","templated":true}]}}